{"id":120,"date":"2025-01-16T19:15:50","date_gmt":"2025-01-16T19:15:50","guid":{"rendered":"https:\/\/sur-ron.lat\/?page_id=120"},"modified":"2025-12-16T09:13:55","modified_gmt":"2025-12-16T09:13:55","slug":"become-a-distributor","status":"publish","type":"page","link":"https:\/\/sur-ron.lat\/en\/become-a-distributor","title":{"rendered":"Become a distributor"},"content":{"rendered":"<div data-elementor-type=\"wp-page\" data-elementor-id=\"120\" class=\"elementor elementor-120\" data-elementor-post-type=\"page\">\n\t\t\t\t<div class=\"elementor-element elementor-element-c267c7f e-flex e-con-boxed e-con e-parent\" data-id=\"c267c7f\" data-element_type=\"container\">\n\t\t\t\t\t<div class=\"e-con-inner\">\n\t\t<div class=\"elementor-element elementor-element-864abfd e-con-full e-flex e-con e-child\" data-id=\"864abfd\" data-element_type=\"container\">\n\t\t<div class=\"elementor-element elementor-element-8496c8c e-con-full e-flex e-con e-child\" data-id=\"8496c8c\" data-element_type=\"container\" data-settings=\"{&quot;background_background&quot;:&quot;classic&quot;}\">\n\t\t\t\t<div class=\"elementor-element elementor-element-d12bc71 elementor-widget__width-initial elementor-widget elementor-widget-image\" data-id=\"d12bc71\" data-element_type=\"widget\" data-widget_type=\"image.default\">\n\t\t\t\t<div class=\"elementor-widget-container\">\n\t\t\t\t\t\t\t\t\t\t\t\t\t\t\t<img decoding=\"async\" width=\"303\" height=\"101\" src=\"https:\/\/sur-ron.lat\/wp-content\/uploads\/2025\/01\/sur-ron-badge.svg\" class=\"attachment-large size-large wp-image-129\" alt=\"\" \/>\t\t\t\t\t\t\t\t\t\t\t\t\t\t\t<\/div>\n\t\t\t\t<\/div>\n\t\t\t\t<div class=\"elementor-element elementor-element-10877d8 elementor-widget elementor-widget-heading\" data-id=\"10877d8\" data-element_type=\"widget\" data-widget_type=\"heading.default\">\n\t\t\t\t<div class=\"elementor-widget-container\">\n\t\t\t\t\t<h2 class=\"elementor-heading-title elementor-size-default\">Dealer information request<\/h2>\t\t\t\t<\/div>\n\t\t\t\t<\/div>\n\t\t\t\t<\/div>\n\t\t<div class=\"elementor-element elementor-element-d554784 e-con-full e-flex e-con e-child\" data-id=\"d554784\" data-element_type=\"container\" data-settings=\"{&quot;background_background&quot;:&quot;classic&quot;}\">\n\t\t<div class=\"elementor-element elementor-element-20ce51d e-con-full e-flex e-con e-child\" data-id=\"20ce51d\" data-element_type=\"container\">\n\t\t\t\t<div class=\"elementor-element elementor-element-6c8add6 elementor-widget elementor-widget-text-editor\" data-id=\"6c8add6\" data-element_type=\"widget\" data-widget_type=\"text-editor.default\">\n\t\t\t\t<div class=\"elementor-widget-container\">\n\t\t\t\t\t\t\t\t\t<p><strong>Special attention:<\/strong> If you are in<strong> Latin America<\/strong> and you have already purchased and sold Surron products through other distributors, but can no longer continue to market Surron motorcycles due to the discontinuation of those distributors, please contact us directly by e-mail at yaoyao@sur-ron.com, without having to download and complete the \u201cDistributor Request Form\u201d.<\/p><p>Please include your company name, CNPJ number or equivalent tax identification number, your contact details and the frame number of one of the Surron E-Bikes you have already sold. We are at your disposal to assist you!<\/p>\t\t\t\t\t\t\t\t<\/div>\n\t\t\t\t<\/div>\n\t\t\t\t<div class=\"elementor-element elementor-element-9d60179 elementor-widget elementor-widget-text-editor\" data-id=\"9d60179\" data-element_type=\"widget\" data-widget_type=\"text-editor.default\">\n\t\t\t\t<div class=\"elementor-widget-container\">\n\t\t\t\t\t\t\t\t\t<p><strong>Special attention:<\/strong>\u00a0If you are in<strong> Latin America<\/strong> and you have purchased and sold Surron products through other distributors, but can no longer continue to market Surron motorcycles due to the termination of these distributors, you may contact us directly at yaoyao@sur-ron.com, without having to download and complete the \u201cDistributor Application Form\u201d.<\/p><p>Please include in your e-mail the name of your company, your tax identification number, your contact details and the frame number of one of the Surron E-Bikes you have already sold.<\/p><p>We remain attentive to your inquiry and at your disposal to assist you.<\/p>\t\t\t\t\t\t\t\t<\/div>\n\t\t\t\t<\/div>\n\t\t\t\t<\/div>\n\t\t\t\t<\/div>\n\t\t<div class=\"elementor-element elementor-element-b4626d2 e-con-full e-flex e-con e-child\" data-id=\"b4626d2\" data-element_type=\"container\" data-settings=\"{&quot;background_background&quot;:&quot;classic&quot;}\">\n\t\t<div class=\"elementor-element elementor-element-e5adf8a e-con-full e-flex e-con e-child\" data-id=\"e5adf8a\" data-element_type=\"container\">\n\t\t\t\t<div class=\"elementor-element elementor-element-ca7d0db elementor-widget elementor-widget-text-editor\" data-id=\"ca7d0db\" data-element_type=\"widget\" data-widget_type=\"text-editor.default\">\n\t\t\t\t<div class=\"elementor-widget-container\">\n\t\t\t\t\t\t\t\t\t<p><strong><b>Equipe Surron Latin America - Information for Distributors<\/b><\/strong><\/p><ol><li>A <strong><b>Equipe Latin America<\/b><\/strong> the exclusive sales center that serves Surron Latin America distributors. If you wish to become a Surron distributor in the region, please read the information below. After completely understanding the content, click on the download link at the bottom of the page to download the <strong><b>\u201cDistributor Application Form\u201d.\u201d<\/b><\/strong>. Fill out the form using a computer and send the file in PDF format to yaoyao@sur-ron.com, with the subject <strong><b>\u201cDistributor Application + Your Company Name\u201d.\u201d<\/b><\/strong>. (If you need to fill out the form manually, make sure that the handwriting is clear and legible. The team responsible for analyzing distributor applications may only understand English, and illegible handwriting can significantly delay the approval process).<\/li><\/ol><ol start=\"2\"><li>The Surron Latin America team is the B2B service time of the Surron brand in the region. We only accept distributor requests from companies located in Latin American countries. When filling out the \u201cDistributor Application Form\u201d, please make sure you provide a valid tax identification number and that it corresponds to the name of the company informed. In case the tax identification number is not valid or does not correspond to the name of the company, you will not receive a return from our team. (Equipe Surron Latin America does not impose restrictions on the type of company, therefore, you can be a candidate as a limited company, sole proprietorship or any other business model).<\/li><\/ol><ol start=\"3\"><li>If you are able to have a physical lot, include photos of the facility in your email. This will help expedite the approval process for your application.<\/li><\/ol><ol start=\"4\"><li>If your request is approved, we will send you an email with the updated pricing table for the quarter. Upon completion of your first order, your company will be officially added to our distributor directory, and an account will be created for you to purchase replacement parts at tiered pricing.<\/li><\/ol><ol start=\"5\"><li><p>If you are a distributor, you may not yet have a contact to purchase replacement parts or your information will not appear on the \u201cEncontre um Distribuidor\u201d page, please contact us through the contact page.<\/p><p><strong>We are at your disposal to help you!<\/strong><\/p><\/li><\/ol>\t\t\t\t\t\t\t\t<\/div>\n\t\t\t\t<\/div>\n\t\t\t\t<\/div>\n\t\t<div class=\"elementor-element elementor-element-7bf7745 e-con-full e-flex e-con e-child\" data-id=\"7bf7745\" data-element_type=\"container\">\n\t\t\t\t<div class=\"elementor-element elementor-element-f30e4a3 elementor-widget elementor-widget-text-editor\" data-id=\"f30e4a3\" data-element_type=\"widget\" data-widget_type=\"text-editor.default\">\n\t\t\t\t<div class=\"elementor-widget-container\">\n\t\t\t\t\t\t\t\t\t<p><strong>Surron Latin America Team - Information for Distributors<\/strong><\/p><ol><li>The Surron Latin America Team is the exclusive sales center serving Surron distributors throughout Latin America. If you would like to become a Surron distributor in the region, please read the following information carefully. After fully understanding the contents, click on the link at the bottom of the page to download the \u201cDistributor Application Form\u201d. Complete the form on a computer and send it in PDF format to yaoyao@sur-ron.com, with the subject \u201cDistributor Application + Your Company Name\u201d. (If you need to complete the form by hand, please ensure that your handwriting is clear and legible. The team responsible for reviewing distributor applications and unclear handwriting can significantly delay the approval process).<\/li><\/ol><ol start=\"2\"><li>The Surron Latin America Team is the B2B support team for the Surron brand in the region. We only accept distributor applications from companies located in Latin America. When completing the \u201cDistributor Application Form\u201d, be sure to provide an RFC number and match the company name provided. If the RFC number is not valid or does not match the company name, you will not receive a response from our team. (The Surron Latin America Team does not impose restrictions on the type of company, so you can apply as a limited liability company, sole proprietorship or other type of business).<\/li><\/ol><ol start=\"3\"><li>If you have a physical store, include photos of your establishment in the mailing. This will help expedite the approval process for your application.<\/li><\/ol><ol start=\"4\"><li>Once your distributor application is approved, we will send you an email with the current price list for the quarter. After completing your first order, your company will be officially added to our distributor directory and an account will be created for you to purchase parts at preferential prices.<\/li><\/ol><ol start=\"5\"><li>If you are already a distributor but do not yet have an account to purchase parts or if your information does not appear on the \u201cFind a Distributor\u201d page, please contact us through the Contact Us page.<\/li><\/ol><p><strong><b>We remain at your disposal to assist you and provide you with the best service.<\/b><\/strong><\/p>\t\t\t\t\t\t\t\t<\/div>\n\t\t\t\t<\/div>\n\t\t\t\t<\/div>\n\t\t\t\t<\/div>\n\t\t\t\t<\/div>\n\t\t\t\t\t<\/div>\n\t\t\t\t<\/div>\n\t\t<div class=\"elementor-element elementor-element-4f3b804 e-flex e-con-boxed e-con e-parent\" data-id=\"4f3b804\" data-element_type=\"container\">\n\t\t\t\t\t<div class=\"e-con-inner\">\n\t\t\t\t<div class=\"elementor-element elementor-element-c547819 elementor-widget elementor-widget-button\" data-id=\"c547819\" data-element_type=\"widget\" data-widget_type=\"button.default\">\n\t\t\t\t<div class=\"elementor-widget-container\">\n\t\t\t\t\t\t\t\t\t<div class=\"elementor-button-wrapper\">\n\t\t\t\t\t<a class=\"elementor-button elementor-button-link elementor-size-sm\" href=\"https:\/\/sur-ron.lat\/en\/contact\">\n\t\t\t\t\t\t<span class=\"elementor-button-content-wrapper\">\n\t\t\t\t\t\t\t\t\t<span class=\"elementor-button-text\">Click here to download the reseller registration form.<\/span>\n\t\t\t\t\t<\/span>\n\t\t\t\t\t<\/a>\n\t\t\t\t<\/div>\n\t\t\t\t\t\t\t\t<\/div>\n\t\t\t\t<\/div>\n\t\t\t\t\t<\/div>\n\t\t\t\t<\/div>\n\t\t\t\t<\/div>","protected":false},"excerpt":{"rendered":"<p>Solicitud de informaci\u00f3n del concesionario Atenci\u00f3n especial: Si usted se encuentra en Am\u00e9rica Latina y ya ha comprado y vendido productos Surron a trav\u00e9s de otros distribuidores, pero ya no puede continuar comercializando las motocicletas Surron debido a la interrupci\u00f3n de dichos distribuidores, p\u00f3ngase en contacto directamente con nosotros por correo electr\u00f3nico a yaoyao@sur-ron.com, sin [&hellip;]<\/p>","protected":false},"author":2,"featured_media":0,"parent":0,"menu_order":0,"comment_status":"closed","ping_status":"closed","template":"","meta":{"footnotes":""},"class_list":["post-120","page","type-page","status-publish","hentry"],"blocksy_meta":[],"yoast_head":"<!-- This site is optimized with the Yoast SEO Premium plugin v22.6 (Yoast SEO v26.5) - https:\/\/yoast.com\/wordpress\/plugins\/seo\/ -->\n<title>Convi\u00e9rtete en distribuidor - Surron<\/title>\n<meta name=\"robots\" content=\"index, follow, max-snippet:-1, max-image-preview:large, max-video-preview:-1\" \/>\n<link rel=\"canonical\" href=\"https:\/\/sur-ron.lat\/en\/become-a-distributor\" \/>\n<meta property=\"og:locale\" content=\"en_US\" \/>\n<meta property=\"og:type\" content=\"article\" \/>\n<meta property=\"og:title\" content=\"Convi\u00e9rtete en distribuidor\" \/>\n<meta property=\"og:description\" content=\"Solicitud de informaci\u00f3n del concesionario Atenci\u00f3n especial: Si usted se encuentra en Am\u00e9rica Latina y ya ha comprado y vendido productos Surron a trav\u00e9s de otros distribuidores, pero ya no puede continuar comercializando las motocicletas Surron debido a la interrupci\u00f3n de dichos distribuidores, p\u00f3ngase en contacto directamente con nosotros por correo electr\u00f3nico a yaoyao@sur-ron.com, sin [&hellip;]\" \/>\n<meta property=\"og:url\" content=\"https:\/\/sur-ron.lat\/en\/become-a-distributor\" \/>\n<meta property=\"og:site_name\" content=\"Surron\" \/>\n<meta property=\"article:modified_time\" content=\"2025-12-16T09:13:55+00:00\" \/>\n<meta name=\"twitter:card\" content=\"summary_large_image\" \/>\n<meta name=\"twitter:label1\" content=\"Est. reading time\" \/>\n\t<meta name=\"twitter:data1\" content=\"5 minutes\" \/>\n<script type=\"application\/ld+json\" class=\"yoast-schema-graph\">{\"@context\":\"https:\/\/schema.org\",\"@graph\":[{\"@type\":\"WebPage\",\"@id\":\"https:\/\/sur-ron.lat\/conviertete-en-distribuidor\",\"url\":\"https:\/\/sur-ron.lat\/conviertete-en-distribuidor\",\"name\":\"Convi\u00e9rtete en distribuidor - Surron\",\"isPartOf\":{\"@id\":\"https:\/\/sur-ron.lat\/#website\"},\"primaryImageOfPage\":{\"@id\":\"https:\/\/sur-ron.lat\/conviertete-en-distribuidor#primaryimage\"},\"image\":{\"@id\":\"https:\/\/sur-ron.lat\/conviertete-en-distribuidor#primaryimage\"},\"thumbnailUrl\":\"https:\/\/sur-ron.lat\/wp-content\/uploads\/2025\/01\/sur-ron-badge.svg\",\"datePublished\":\"2025-01-16T19:15:50+00:00\",\"dateModified\":\"2025-12-16T09:13:55+00:00\",\"breadcrumb\":{\"@id\":\"https:\/\/sur-ron.lat\/conviertete-en-distribuidor#breadcrumb\"},\"inLanguage\":\"en-US\",\"potentialAction\":[{\"@type\":\"ReadAction\",\"target\":[\"https:\/\/sur-ron.lat\/conviertete-en-distribuidor\"]}]},{\"@type\":\"ImageObject\",\"inLanguage\":\"en-US\",\"@id\":\"https:\/\/sur-ron.lat\/conviertete-en-distribuidor#primaryimage\",\"url\":\"https:\/\/sur-ron.lat\/wp-content\/uploads\/2025\/01\/sur-ron-badge.svg\",\"contentUrl\":\"https:\/\/sur-ron.lat\/wp-content\/uploads\/2025\/01\/sur-ron-badge.svg\"},{\"@type\":\"BreadcrumbList\",\"@id\":\"https:\/\/sur-ron.lat\/conviertete-en-distribuidor#breadcrumb\",\"itemListElement\":[{\"@type\":\"ListItem\",\"position\":1,\"name\":\"Home\",\"item\":\"https:\/\/sur-ron.lat\/\"},{\"@type\":\"ListItem\",\"position\":2,\"name\":\"Convi\u00e9rtete en distribuidor\"}]},{\"@type\":\"WebSite\",\"@id\":\"https:\/\/sur-ron.lat\/#website\",\"url\":\"https:\/\/sur-ron.lat\/\",\"name\":\"Surron\",\"description\":\"\",\"publisher\":{\"@id\":\"https:\/\/sur-ron.lat\/#organization\"},\"potentialAction\":[{\"@type\":\"SearchAction\",\"target\":{\"@type\":\"EntryPoint\",\"urlTemplate\":\"https:\/\/sur-ron.lat\/?s={search_term_string}\"},\"query-input\":{\"@type\":\"PropertyValueSpecification\",\"valueRequired\":true,\"valueName\":\"search_term_string\"}}],\"inLanguage\":\"en-US\"},{\"@type\":\"Organization\",\"@id\":\"https:\/\/sur-ron.lat\/#organization\",\"name\":\"Surron\",\"url\":\"https:\/\/sur-ron.lat\/\",\"logo\":{\"@type\":\"ImageObject\",\"inLanguage\":\"en-US\",\"@id\":\"https:\/\/sur-ron.lat\/#\/schema\/logo\/image\/\",\"url\":\"https:\/\/sur-ron.lat\/wp-content\/uploads\/2025\/01\/main-logo-1.svg\",\"contentUrl\":\"https:\/\/sur-ron.lat\/wp-content\/uploads\/2025\/01\/main-logo-1.svg\",\"width\":180,\"height\":76,\"caption\":\"Surron\"},\"image\":{\"@id\":\"https:\/\/sur-ron.lat\/#\/schema\/logo\/image\/\"}}]}<\/script>\n<!-- \/ Yoast SEO Premium plugin. -->","yoast_head_json":{"title":"Become a distributor - Surron","robots":{"index":"index","follow":"follow","max-snippet":"max-snippet:-1","max-image-preview":"max-image-preview:large","max-video-preview":"max-video-preview:-1"},"canonical":"https:\/\/sur-ron.lat\/en\/become-a-distributor","og_locale":"en_US","og_type":"article","og_title":"Convi\u00e9rtete en distribuidor","og_description":"Solicitud de informaci\u00f3n del concesionario Atenci\u00f3n especial: Si usted se encuentra en Am\u00e9rica Latina y ya ha comprado y vendido productos Surron a trav\u00e9s de otros distribuidores, pero ya no puede continuar comercializando las motocicletas Surron debido a la interrupci\u00f3n de dichos distribuidores, p\u00f3ngase en contacto directamente con nosotros por correo electr\u00f3nico a yaoyao@sur-ron.com, sin [&hellip;]","og_url":"https:\/\/sur-ron.lat\/en\/become-a-distributor","og_site_name":"Surron","article_modified_time":"2025-12-16T09:13:55+00:00","twitter_card":"summary_large_image","twitter_misc":{"Est. reading time":"5 minutes"},"schema":{"@context":"https:\/\/schema.org","@graph":[{"@type":"WebPage","@id":"https:\/\/sur-ron.lat\/conviertete-en-distribuidor","url":"https:\/\/sur-ron.lat\/conviertete-en-distribuidor","name":"Become a distributor - Surron","isPartOf":{"@id":"https:\/\/sur-ron.lat\/#website"},"primaryImageOfPage":{"@id":"https:\/\/sur-ron.lat\/conviertete-en-distribuidor#primaryimage"},"image":{"@id":"https:\/\/sur-ron.lat\/conviertete-en-distribuidor#primaryimage"},"thumbnailUrl":"https:\/\/sur-ron.lat\/wp-content\/uploads\/2025\/01\/sur-ron-badge.svg","datePublished":"2025-01-16T19:15:50+00:00","dateModified":"2025-12-16T09:13:55+00:00","breadcrumb":{"@id":"https:\/\/sur-ron.lat\/conviertete-en-distribuidor#breadcrumb"},"inLanguage":"en-US","potentialAction":[{"@type":"ReadAction","target":["https:\/\/sur-ron.lat\/conviertete-en-distribuidor"]}]},{"@type":"ImageObject","inLanguage":"en-US","@id":"https:\/\/sur-ron.lat\/conviertete-en-distribuidor#primaryimage","url":"https:\/\/sur-ron.lat\/wp-content\/uploads\/2025\/01\/sur-ron-badge.svg","contentUrl":"https:\/\/sur-ron.lat\/wp-content\/uploads\/2025\/01\/sur-ron-badge.svg"},{"@type":"BreadcrumbList","@id":"https:\/\/sur-ron.lat\/conviertete-en-distribuidor#breadcrumb","itemListElement":[{"@type":"ListItem","position":1,"name":"Home","item":"https:\/\/sur-ron.lat\/"},{"@type":"ListItem","position":2,"name":"Convi\u00e9rtete en distribuidor"}]},{"@type":"WebSite","@id":"https:\/\/sur-ron.lat\/#website","url":"https:\/\/sur-ron.lat\/","name":"Surron","description":"","publisher":{"@id":"https:\/\/sur-ron.lat\/#organization"},"potentialAction":[{"@type":"SearchAction","target":{"@type":"EntryPoint","urlTemplate":"https:\/\/sur-ron.lat\/?s={search_term_string}"},"query-input":{"@type":"PropertyValueSpecification","valueRequired":true,"valueName":"search_term_string"}}],"inLanguage":"en-US"},{"@type":"Organization","@id":"https:\/\/sur-ron.lat\/#organization","name":"Surron","url":"https:\/\/sur-ron.lat\/","logo":{"@type":"ImageObject","inLanguage":"en-US","@id":"https:\/\/sur-ron.lat\/#\/schema\/logo\/image\/","url":"https:\/\/sur-ron.lat\/wp-content\/uploads\/2025\/01\/main-logo-1.svg","contentUrl":"https:\/\/sur-ron.lat\/wp-content\/uploads\/2025\/01\/main-logo-1.svg","width":180,"height":76,"caption":"Surron"},"image":{"@id":"https:\/\/sur-ron.lat\/#\/schema\/logo\/image\/"}}]}},"_links":{"self":[{"href":"https:\/\/sur-ron.lat\/en\/wp-json\/wp\/v2\/pages\/120","targetHints":{"allow":["GET"]}}],"collection":[{"href":"https:\/\/sur-ron.lat\/en\/wp-json\/wp\/v2\/pages"}],"about":[{"href":"https:\/\/sur-ron.lat\/en\/wp-json\/wp\/v2\/types\/page"}],"author":[{"embeddable":true,"href":"https:\/\/sur-ron.lat\/en\/wp-json\/wp\/v2\/users\/2"}],"replies":[{"embeddable":true,"href":"https:\/\/sur-ron.lat\/en\/wp-json\/wp\/v2\/comments?post=120"}],"version-history":[{"count":0,"href":"https:\/\/sur-ron.lat\/en\/wp-json\/wp\/v2\/pages\/120\/revisions"}],"wp:attachment":[{"href":"https:\/\/sur-ron.lat\/en\/wp-json\/wp\/v2\/media?parent=120"}],"curies":[{"name":"wp","href":"https:\/\/api.w.org\/{rel}","templated":true}]}}