{"id":140,"date":"2025-01-16T19:39:12","date_gmt":"2025-01-16T19:39:12","guid":{"rendered":"https:\/\/sur-ron.lat\/?page_id=140"},"modified":"2025-11-24T07:23:26","modified_gmt":"2025-11-24T07:23:26","slug":"contact","status":"publish","type":"page","link":"https:\/\/sur-ron.lat\/en\/contact","title":{"rendered":"Contact"},"content":{"rendered":"<div data-elementor-type=\"wp-page\" data-elementor-id=\"140\" class=\"elementor elementor-140\" data-elementor-post-type=\"page\">\n\t\t\t\t<div class=\"elementor-element elementor-element-c267c7f e-flex e-con-boxed e-con e-parent\" data-id=\"c267c7f\" data-element_type=\"container\">\n\t\t\t\t\t<div class=\"e-con-inner\">\n\t\t<div class=\"elementor-element elementor-element-864abfd e-con-full e-flex e-con e-child\" data-id=\"864abfd\" data-element_type=\"container\">\n\t\t<div class=\"elementor-element elementor-element-8496c8c e-con-full e-flex e-con e-child\" data-id=\"8496c8c\" data-element_type=\"container\" data-settings=\"{&quot;background_background&quot;:&quot;classic&quot;}\">\n\t\t\t\t<div class=\"elementor-element elementor-element-10877d8 elementor-widget elementor-widget-heading\" data-id=\"10877d8\" data-element_type=\"widget\" data-widget_type=\"heading.default\">\n\t\t\t\t<div class=\"elementor-widget-container\">\n\t\t\t\t\t<h1 class=\"elementor-heading-title elementor-size-default\">Contact<\/h1>\t\t\t\t<\/div>\n\t\t\t\t<\/div>\n\t\t\t\t<\/div>\n\t\t<div class=\"elementor-element elementor-element-b4626d2 e-con-full e-flex e-con e-child\" data-id=\"b4626d2\" data-element_type=\"container\" data-settings=\"{&quot;background_background&quot;:&quot;classic&quot;}\">\n\t\t<div class=\"elementor-element elementor-element-e5adf8a e-con-full e-flex e-con e-child\" data-id=\"e5adf8a\" data-element_type=\"container\">\n\t\t\t\t<div class=\"elementor-element elementor-element-ca7d0db elementor-widget elementor-widget-text-editor\" data-id=\"ca7d0db\" data-element_type=\"widget\" data-widget_type=\"text-editor.default\">\n\t\t\t\t<div class=\"elementor-widget-container\">\n\t\t\t\t\t\t\t\t\t<ol><li>If you wish to become our reseller, please visit the \u201cBecome a Reseller\u201d page.<\/li><li>If you are a corporate customer, entering your company name will help us respond more quickly.<\/li><li>If you have questions about a vehicle you purchased, please provide the Vehicle Identification Number (VIN) of your vehicle. Without a VIN, you may not receive a response from us. Also, please certify that your vehicle was purchased from an authorized Surron Latin America dealer. If your vehicle was not purchased through official Canadian means, you may also not receive a response.<\/li><\/ol>\t\t\t\t\t\t\t\t<\/div>\n\t\t\t\t<\/div>\n\t\t\t\t<\/div>\n\t\t<div class=\"elementor-element elementor-element-7bf7745 e-con-full e-flex e-con e-child\" data-id=\"7bf7745\" data-element_type=\"container\">\n\t\t\t\t<div class=\"elementor-element elementor-element-f30e4a3 elementor-widget elementor-widget-text-editor\" data-id=\"f30e4a3\" data-element_type=\"widget\" data-widget_type=\"text-editor.default\">\n\t\t\t\t<div class=\"elementor-widget-container\">\n\t\t\t\t\t\t\t\t\t<ol><li>If you wish to become our distributor, please visit the \u201cBecome a Distributor\u201d page.<\/li><li>If you are a corporate client, filling in your company name will help us respond to you faster.<\/li><li>If you have questions about a vehicle you have purchased, please provide the Vehicle Identification Number (VIN) of your vehicle. Without the VIN, you may not receive a response from us. Also, please make sure your vehicle was purchased from an authorized Surron Latin America dealer. If your vehicle was not purchased through official channels, you may not receive a response either.<\/li><\/ol>\t\t\t\t\t\t\t\t<\/div>\n\t\t\t\t<\/div>\n\t\t\t\t<\/div>\n\t\t\t\t<\/div>\n\t\t<div class=\"elementor-element elementor-element-dd857ba e-con-full e-flex e-con e-child\" data-id=\"dd857ba\" data-element_type=\"container\" data-settings=\"{&quot;background_background&quot;:&quot;classic&quot;}\">\n\t\t\t\t<div class=\"elementor-element elementor-element-d6b141c fluentform-widget-submit-button-full-width fluent-form-widget-step-header-yes fluent-form-widget-step-progressbar-yes elementor-widget elementor-widget-fluent-form-widget\" data-id=\"d6b141c\" data-element_type=\"widget\" data-widget_type=\"fluent-form-widget.default\">\n\t\t\t\t<div class=\"elementor-widget-container\">\n\t\t\t\t\t\n            <div class=\"fluentform-widget-wrapper fluentform-widget-align-default\">\n\n                            <div class=\"fluentform-widget-heading\">\n                                                        <\/div>\n            \n            <div class='fluentform ff-default fluentform_wrapper_1 ffs_default_wrap'><form data-form_id=\"1\" id=\"fluentform_1\" class=\"frm-fluent-form fluent_form_1 ff-el-form-top ff_form_instance_1_1 ff-form-loading ffs_default\" data-form_instance=\"ff_form_instance_1_1\" method=\"POST\" action=\"\" ><fieldset  style=\"border: none!important;margin: 0!important;padding: 0!important;background-color: transparent!important;box-shadow: none!important;outline: none!important; min-inline-size: 100%;\">\n                    <legend class=\"ff_screen_reader_title\" style=\"display: block; margin: 0!important;padding: 0!important;height: 0!important;text-indent: -999999px;width: 0!important;overflow:hidden;\">Contact<\/legend><input type='hidden' name='__fluent_form_embded_post_id' value='140' \/><input type=\"hidden\" id=\"_fluentform_1_fluentformnonce\" name=\"_fluentform_1_fluentformnonce\" value=\"2358f2b030\" \/><input type=\"hidden\" name=\"_wp_http_referer\" value=\"\/en\/wp-json\/wp\/v2\/pages\/140\" \/><div data-type=\"name-element\" data-name=\"names\" class=\"ff-field_container ff-name-field-wrapper\" ><div class='ff-t-container'><div class='ff-t-cell'><div class='ff-el-group'><div class=\"ff-el-input--label asterisk-right\"><label for='ff_1_names_first_name_' id='label_ff_1_names_first_name_' >First Name<\/label><\/div><div class='ff-el-input--content'><input type=\"text\" name=\"names[first_name]\" id=\"ff_1_names_first_name_\" class=\"ff-el-form-control\" placeholder=\"First Name\" aria-invalid=\"false\" aria-required=\"false\"><\/div><\/div><\/div><div class='ff-t-cell'><div class='ff-el-group'><div class=\"ff-el-input--label asterisk-right\"><label for='ff_1_names_last_name_' id='label_ff_1_names_last_name_' >Last Name<\/label><\/div><div class='ff-el-input--content'><input type=\"text\" name=\"names[last_name]\" id=\"ff_1_names_last_name_\" class=\"ff-el-form-control\" placeholder=\"Last Name\" aria-invalid=\"false\" aria-required=\"false\"><\/div><\/div><\/div><\/div><\/div><div data-name=\"ff_cn_id_1\"  class='ff-t-container ff-column-container ff_columns_total_2'><div class='ff-t-cell ff-t-column-1' style='flex-basis: 50%;'><div class='ff-el-group'><div class=\"ff-el-input--label ff-el-is-required asterisk-right\"><label for='ff_1_email' id='label_ff_1_email' aria-label=\"Email\">Email<\/label><\/div><div class='ff-el-input--content'><input type=\"email\" name=\"email\" id=\"ff_1_email\" class=\"ff-el-form-control\" placeholder=\"Email Address\" data-name=\"email\"  aria-invalid=\"false\" aria-required=\"true\"><\/div><\/div><\/div><div class='ff-t-cell ff-t-column-2' style='flex-basis: 50%;'><div class='ff-el-group'><div class=\"ff-el-input--label asterisk-right\"><label for='ff_1_input_text' id='label_ff_1_input_text' aria-label=\"Telephone number\">Telephone number<\/label><\/div><div class='ff-el-input--content'><input type=\"text\" name=\"input_text\" class=\"ff-el-form-control\" placeholder=\"Telephone number\" data-name=\"input_text\" id=\"ff_1_input_text\"  aria-invalid=\"false\" aria-required=\"false\"><\/div><\/div><\/div><\/div><div class='ff-el-group'><div class=\"ff-el-input--label asterisk-right\"><label for='ff_1_subject' id='label_ff_1_subject' aria-label=\"Company name\">Company name<\/label><\/div><div class='ff-el-input--content'><input type=\"text\" name=\"subject\" class=\"ff-el-form-control\" placeholder=\"Company name\" data-name=\"subject\" id=\"ff_1_subject\"  aria-invalid=\"false\" aria-required=\"false\"><\/div><\/div><div class='ff-el-group'><div class=\"ff-el-input--label ff-el-is-required asterisk-right\"><label for='ff_1_message' id='label_ff_1_message' aria-label=\"Message\">Message<\/label><\/div><div class='ff-el-input--content'><textarea aria-required=\"true\" aria-labelledby=\"label_ff_1_message\" name=\"message\" id=\"ff_1_message\" class=\"ff-el-form-control\" placeholder=\"Message\" rows=\"4\" cols=\"2\" data-name=\"message\" ><\/textarea><\/div><\/div><div class='ff-el-group'><div class=\"ff-el-input--label asterisk-right\"><label for='ff_1_input_text_1' id='label_ff_1_input_text_1' aria-label=\"Frame number\">Frame number<\/label><\/div><div class='ff-el-input--content'><input type=\"text\" name=\"input_text_1\" class=\"ff-el-form-control\" placeholder=\"VIN\" data-name=\"input_text_1\" id=\"ff_1_input_text_1\"  aria-invalid=\"false\" aria-required=\"false\"><\/div><\/div><div class='ff-el-group ff-text-left ff_submit_btn_wrapper'><button type=\"submit\" class=\"ff-btn ff-btn-submit ff-btn-md ff_btn_style\"  aria-label=\"Send form\">Send form<\/button><\/div><\/fieldset><input type=\"hidden\" name=\"trp-form-language\" value=\"en\"\/><\/form><div id='fluentform_1_errors' class='ff-errors-in-stack ff_form_instance_1_1 ff-form-loading_errors ff_form_instance_1_1_errors'><\/div><\/div>            <script type=\"text\/javascript\">\n                window.fluent_form_ff_form_instance_1_1 = {\"id\":\"1\",\"settings\":{\"layout\":{\"labelPlacement\":\"top\",\"helpMessagePlacement\":\"with_label\",\"errorMessagePlacement\":\"inline\",\"cssClassName\":\"\",\"asteriskPlacement\":\"asterisk-right\"},\"restrictions\":{\"denyEmptySubmission\":{\"enabled\":false}}},\"form_instance\":\"ff_form_instance_1_1\",\"form_id_selector\":\"fluentform_1\",\"rules\":{\"names[first_name]\":{\"required\":{\"value\":false,\"message\":\"This field is required\",\"global\":false,\"global_message\":\"This field is required\"}},\"names[middle_name]\":{\"required\":{\"value\":false,\"message\":\"This field is required\",\"global\":false,\"global_message\":\"This field is required\"}},\"names[last_name]\":{\"required\":{\"value\":false,\"message\":\"This field is required\",\"global\":false,\"global_message\":\"This field is required\"}},\"email\":{\"required\":{\"value\":true,\"message\":\"This field is required\",\"global\":false,\"global_message\":\"This field is required\"},\"email\":{\"value\":true,\"message\":\"This field must contain a valid email\",\"global\":false,\"global_message\":\"This field must contain a valid email\"}},\"input_text\":{\"required\":{\"value\":false,\"message\":\"This field is required\",\"global_message\":\"This field is required\",\"global\":true}},\"subject\":{\"required\":{\"value\":false,\"message\":\"This field is required\",\"global\":false,\"global_message\":\"This field is required\"}},\"message\":{\"required\":{\"value\":true,\"message\":\"This field is required\",\"global\":false,\"global_message\":\"This field is required\"}},\"input_text_1\":{\"required\":{\"value\":false,\"message\":\"This field is required\",\"global_message\":\"This field is required\",\"global\":true}}},\"debounce_time\":300};\n                            <\/script>\n                        <\/div>\n\n            \t\t\t\t<\/div>\n\t\t\t\t<\/div>\n\t\t\t\t<\/div>\n\t\t\t\t<\/div>\n\t\t\t\t\t<\/div>\n\t\t\t\t<\/div>\n\t\t\t\t<\/div>","protected":false},"excerpt":{"rendered":"<p>Contacto Si deseas volver a nuestro revendedor, visita la p\u00e1gina &#8220;Torne-se um Revendedor&#8221;. Si usted es un cliente corporativo, preencher o nome da su empresa nos ayudar\u00e1 a responderle m\u00e1s r\u00e1pidamente. Se ha tenido dudas sobre un veh\u00edculo que adquiri\u00f3, por favor, forne\u00e7a o N\u00famero del chasis (VIN) de su veh\u00edculo. Sin VIN, talvez usted [&hellip;]<\/p>","protected":false},"author":2,"featured_media":0,"parent":0,"menu_order":0,"comment_status":"closed","ping_status":"closed","template":"","meta":{"footnotes":""},"class_list":["post-140","page","type-page","status-publish","hentry"],"blocksy_meta":[],"yoast_head":"<!-- This site is optimized with the Yoast SEO Premium plugin v22.6 (Yoast SEO v26.5) - https:\/\/yoast.com\/wordpress\/plugins\/seo\/ -->\n<title>Contacto - Surron<\/title>\n<meta name=\"robots\" content=\"index, follow, max-snippet:-1, max-image-preview:large, max-video-preview:-1\" \/>\n<link rel=\"canonical\" href=\"https:\/\/sur-ron.lat\/en\/contact\" \/>\n<meta property=\"og:locale\" content=\"en_US\" \/>\n<meta property=\"og:type\" content=\"article\" \/>\n<meta property=\"og:title\" content=\"Contacto\" \/>\n<meta property=\"og:description\" content=\"Contacto Si deseas volver a nuestro revendedor, visita la p\u00e1gina &#8220;Torne-se um Revendedor&#8221;. Si usted es un cliente corporativo, preencher o nome da su empresa nos ayudar\u00e1 a responderle m\u00e1s r\u00e1pidamente. Se ha tenido dudas sobre un veh\u00edculo que adquiri\u00f3, por favor, forne\u00e7a o N\u00famero del chasis (VIN) de su veh\u00edculo. Sin VIN, talvez usted [&hellip;]\" \/>\n<meta property=\"og:url\" content=\"https:\/\/sur-ron.lat\/en\/contact\" \/>\n<meta property=\"og:site_name\" content=\"Surron\" \/>\n<meta property=\"article:modified_time\" content=\"2025-11-24T07:23:26+00:00\" \/>\n<meta name=\"twitter:card\" content=\"summary_large_image\" \/>\n<script type=\"application\/ld+json\" class=\"yoast-schema-graph\">{\"@context\":\"https:\/\/schema.org\",\"@graph\":[{\"@type\":\"WebPage\",\"@id\":\"https:\/\/sur-ron.lat\/contacto\",\"url\":\"https:\/\/sur-ron.lat\/contacto\",\"name\":\"Contacto - Surron\",\"isPartOf\":{\"@id\":\"https:\/\/sur-ron.lat\/#website\"},\"datePublished\":\"2025-01-16T19:39:12+00:00\",\"dateModified\":\"2025-11-24T07:23:26+00:00\",\"breadcrumb\":{\"@id\":\"https:\/\/sur-ron.lat\/contacto#breadcrumb\"},\"inLanguage\":\"en-US\",\"potentialAction\":[{\"@type\":\"ReadAction\",\"target\":[\"https:\/\/sur-ron.lat\/contacto\"]}]},{\"@type\":\"BreadcrumbList\",\"@id\":\"https:\/\/sur-ron.lat\/contacto#breadcrumb\",\"itemListElement\":[{\"@type\":\"ListItem\",\"position\":1,\"name\":\"Home\",\"item\":\"https:\/\/sur-ron.lat\/\"},{\"@type\":\"ListItem\",\"position\":2,\"name\":\"Contacto\"}]},{\"@type\":\"WebSite\",\"@id\":\"https:\/\/sur-ron.lat\/#website\",\"url\":\"https:\/\/sur-ron.lat\/\",\"name\":\"Surron\",\"description\":\"\",\"publisher\":{\"@id\":\"https:\/\/sur-ron.lat\/#organization\"},\"potentialAction\":[{\"@type\":\"SearchAction\",\"target\":{\"@type\":\"EntryPoint\",\"urlTemplate\":\"https:\/\/sur-ron.lat\/?s={search_term_string}\"},\"query-input\":{\"@type\":\"PropertyValueSpecification\",\"valueRequired\":true,\"valueName\":\"search_term_string\"}}],\"inLanguage\":\"en-US\"},{\"@type\":\"Organization\",\"@id\":\"https:\/\/sur-ron.lat\/#organization\",\"name\":\"Surron\",\"url\":\"https:\/\/sur-ron.lat\/\",\"logo\":{\"@type\":\"ImageObject\",\"inLanguage\":\"en-US\",\"@id\":\"https:\/\/sur-ron.lat\/#\/schema\/logo\/image\/\",\"url\":\"https:\/\/sur-ron.lat\/wp-content\/uploads\/2025\/01\/main-logo-1.svg\",\"contentUrl\":\"https:\/\/sur-ron.lat\/wp-content\/uploads\/2025\/01\/main-logo-1.svg\",\"width\":180,\"height\":76,\"caption\":\"Surron\"},\"image\":{\"@id\":\"https:\/\/sur-ron.lat\/#\/schema\/logo\/image\/\"}}]}<\/script>\n<!-- \/ Yoast SEO Premium plugin. -->","yoast_head_json":{"title":"Contact - Surron","robots":{"index":"index","follow":"follow","max-snippet":"max-snippet:-1","max-image-preview":"max-image-preview:large","max-video-preview":"max-video-preview:-1"},"canonical":"https:\/\/sur-ron.lat\/en\/contact","og_locale":"en_US","og_type":"article","og_title":"Contacto","og_description":"Contacto Si deseas volver a nuestro revendedor, visita la p\u00e1gina &#8220;Torne-se um Revendedor&#8221;. Si usted es un cliente corporativo, preencher o nome da su empresa nos ayudar\u00e1 a responderle m\u00e1s r\u00e1pidamente. Se ha tenido dudas sobre un veh\u00edculo que adquiri\u00f3, por favor, forne\u00e7a o N\u00famero del chasis (VIN) de su veh\u00edculo. Sin VIN, talvez usted [&hellip;]","og_url":"https:\/\/sur-ron.lat\/en\/contact","og_site_name":"Surron","article_modified_time":"2025-11-24T07:23:26+00:00","twitter_card":"summary_large_image","schema":{"@context":"https:\/\/schema.org","@graph":[{"@type":"WebPage","@id":"https:\/\/sur-ron.lat\/contacto","url":"https:\/\/sur-ron.lat\/contacto","name":"Contact - Surron","isPartOf":{"@id":"https:\/\/sur-ron.lat\/#website"},"datePublished":"2025-01-16T19:39:12+00:00","dateModified":"2025-11-24T07:23:26+00:00","breadcrumb":{"@id":"https:\/\/sur-ron.lat\/contacto#breadcrumb"},"inLanguage":"en-US","potentialAction":[{"@type":"ReadAction","target":["https:\/\/sur-ron.lat\/contacto"]}]},{"@type":"BreadcrumbList","@id":"https:\/\/sur-ron.lat\/contacto#breadcrumb","itemListElement":[{"@type":"ListItem","position":1,"name":"Home","item":"https:\/\/sur-ron.lat\/"},{"@type":"ListItem","position":2,"name":"Contacto"}]},{"@type":"WebSite","@id":"https:\/\/sur-ron.lat\/#website","url":"https:\/\/sur-ron.lat\/","name":"Surron","description":"","publisher":{"@id":"https:\/\/sur-ron.lat\/#organization"},"potentialAction":[{"@type":"SearchAction","target":{"@type":"EntryPoint","urlTemplate":"https:\/\/sur-ron.lat\/?s={search_term_string}"},"query-input":{"@type":"PropertyValueSpecification","valueRequired":true,"valueName":"search_term_string"}}],"inLanguage":"en-US"},{"@type":"Organization","@id":"https:\/\/sur-ron.lat\/#organization","name":"Surron","url":"https:\/\/sur-ron.lat\/","logo":{"@type":"ImageObject","inLanguage":"en-US","@id":"https:\/\/sur-ron.lat\/#\/schema\/logo\/image\/","url":"https:\/\/sur-ron.lat\/wp-content\/uploads\/2025\/01\/main-logo-1.svg","contentUrl":"https:\/\/sur-ron.lat\/wp-content\/uploads\/2025\/01\/main-logo-1.svg","width":180,"height":76,"caption":"Surron"},"image":{"@id":"https:\/\/sur-ron.lat\/#\/schema\/logo\/image\/"}}]}},"_links":{"self":[{"href":"https:\/\/sur-ron.lat\/en\/wp-json\/wp\/v2\/pages\/140","targetHints":{"allow":["GET"]}}],"collection":[{"href":"https:\/\/sur-ron.lat\/en\/wp-json\/wp\/v2\/pages"}],"about":[{"href":"https:\/\/sur-ron.lat\/en\/wp-json\/wp\/v2\/types\/page"}],"author":[{"embeddable":true,"href":"https:\/\/sur-ron.lat\/en\/wp-json\/wp\/v2\/users\/2"}],"replies":[{"embeddable":true,"href":"https:\/\/sur-ron.lat\/en\/wp-json\/wp\/v2\/comments?post=140"}],"version-history":[{"count":0,"href":"https:\/\/sur-ron.lat\/en\/wp-json\/wp\/v2\/pages\/140\/revisions"}],"wp:attachment":[{"href":"https:\/\/sur-ron.lat\/en\/wp-json\/wp\/v2\/media?parent=140"}],"curies":[{"name":"wp","href":"https:\/\/api.w.org\/{rel}","templated":true}]}}