{"id":120,"date":"2025-01-16T19:15:50","date_gmt":"2025-01-16T19:15:50","guid":{"rendered":"https:\/\/sur-ron.lat\/?page_id=120"},"modified":"2025-12-16T09:13:55","modified_gmt":"2025-12-16T09:13:55","slug":"tornar-se-um-distribuidor","status":"publish","type":"page","link":"https:\/\/sur-ron.lat\/pt\/tornar-se-um-distribuidor","title":{"rendered":"Tornar-se um distribuidor"},"content":{"rendered":"<div data-elementor-type=\"wp-page\" data-elementor-id=\"120\" class=\"elementor elementor-120\" data-elementor-post-type=\"page\">\n\t\t\t\t<div class=\"elementor-element elementor-element-c267c7f e-flex e-con-boxed e-con e-parent\" data-id=\"c267c7f\" data-element_type=\"container\">\n\t\t\t\t\t<div class=\"e-con-inner\">\n\t\t<div class=\"elementor-element elementor-element-864abfd e-con-full e-flex e-con e-child\" data-id=\"864abfd\" data-element_type=\"container\">\n\t\t<div class=\"elementor-element elementor-element-8496c8c e-con-full e-flex e-con e-child\" data-id=\"8496c8c\" data-element_type=\"container\" data-settings=\"{&quot;background_background&quot;:&quot;classic&quot;}\">\n\t\t\t\t<div class=\"elementor-element elementor-element-d12bc71 elementor-widget__width-initial elementor-widget elementor-widget-image\" data-id=\"d12bc71\" data-element_type=\"widget\" data-widget_type=\"image.default\">\n\t\t\t\t<div class=\"elementor-widget-container\">\n\t\t\t\t\t\t\t\t\t\t\t\t\t\t\t<img decoding=\"async\" width=\"303\" height=\"101\" src=\"https:\/\/sur-ron.lat\/wp-content\/uploads\/2025\/01\/sur-ron-badge.svg\" class=\"attachment-large size-large wp-image-129\" alt=\"\" \/>\t\t\t\t\t\t\t\t\t\t\t\t\t\t\t<\/div>\n\t\t\t\t<\/div>\n\t\t\t\t<div class=\"elementor-element elementor-element-10877d8 elementor-widget elementor-widget-heading\" data-id=\"10877d8\" data-element_type=\"widget\" data-widget_type=\"heading.default\">\n\t\t\t\t<div class=\"elementor-widget-container\">\n\t\t\t\t\t<h2 class=\"elementor-heading-title elementor-size-default\">Pedido de informa\u00e7\u00f5es ao concession\u00e1rio<\/h2>\t\t\t\t<\/div>\n\t\t\t\t<\/div>\n\t\t\t\t<\/div>\n\t\t<div class=\"elementor-element elementor-element-d554784 e-con-full e-flex e-con e-child\" data-id=\"d554784\" data-element_type=\"container\" data-settings=\"{&quot;background_background&quot;:&quot;classic&quot;}\">\n\t\t<div class=\"elementor-element elementor-element-20ce51d e-con-full e-flex e-con e-child\" data-id=\"20ce51d\" data-element_type=\"container\">\n\t\t\t\t<div class=\"elementor-element elementor-element-6c8add6 elementor-widget elementor-widget-text-editor\" data-id=\"6c8add6\" data-element_type=\"widget\" data-widget_type=\"text-editor.default\">\n\t\t\t\t<div class=\"elementor-widget-container\">\n\t\t\t\t\t\t\t\t\t<p><strong>Aten\u00e7\u00e3o especial:<\/strong> Se estiver em<strong> Am\u00e9rica Latina<\/strong> Se j\u00e1 adquiriu e vendeu produtos Surron atrav\u00e9s de outros distribuidores, mas j\u00e1 n\u00e3o pode continuar a comercializar motos Surron devido \u00e0 descontinuidade desses distribuidores, contacte-nos diretamente por correio eletr\u00f3nico para yaoyao@sur-ron.com, sem necessidade de descarregar e preencher o \u201cFormul\u00e1rio de pedido de distribui\u00e7\u00e3o\u201d.<\/p><p>Por favor, inclua no seu e-mail o nome da sua empresa, o n\u00famero de CNPJ ou n\u00famero de identifica\u00e7\u00e3o fiscal equivalente, os seus dados de contacto e o n\u00famero do quadro de uma das Surron E-Bikes que j\u00e1 vendeu.<\/p>\t\t\t\t\t\t\t\t<\/div>\n\t\t\t\t<\/div>\n\t\t\t\t<div class=\"elementor-element elementor-element-9d60179 elementor-widget elementor-widget-text-editor\" data-id=\"9d60179\" data-element_type=\"widget\" data-widget_type=\"text-editor.default\">\n\t\t\t\t<div class=\"elementor-widget-container\">\n\t\t\t\t\t\t\t\t\t<p><strong>Aten\u00e7\u00e3o especial:<\/strong>\u00a0Se estiver em<strong> Am\u00e9rica Latina<\/strong> Se adquiriu e vendeu produtos Surron atrav\u00e9s de outros distribuidores, mas j\u00e1 n\u00e3o pode continuar a vender motos Surron devido \u00e0 cessa\u00e7\u00e3o da atividade desses distribuidores, pode contactar-nos diretamente atrav\u00e9s do endere\u00e7o yaoyao@sur-ron.com, sem ter de descarregar e preencher o \u201cFormul\u00e1rio de pedido de distribui\u00e7\u00e3o\u201d.<\/p><p>Por favor, inclua no seu e-mail o nome da sua empresa, o seu n\u00famero de identifica\u00e7\u00e3o fiscal, os seus dados de contacto e o n\u00famero do quadro de uma das Surron E-Bikes que j\u00e1 vendeu.<\/p><p>Aguardamos com expetativa o seu contacto e estamos \u00e0 sua disposi\u00e7\u00e3o para o ajudar.<\/p>\t\t\t\t\t\t\t\t<\/div>\n\t\t\t\t<\/div>\n\t\t\t\t<\/div>\n\t\t\t\t<\/div>\n\t\t<div class=\"elementor-element elementor-element-b4626d2 e-con-full e-flex e-con e-child\" data-id=\"b4626d2\" data-element_type=\"container\" data-settings=\"{&quot;background_background&quot;:&quot;classic&quot;}\">\n\t\t<div class=\"elementor-element elementor-element-e5adf8a e-con-full e-flex e-con e-child\" data-id=\"e5adf8a\" data-element_type=\"container\">\n\t\t\t\t<div class=\"elementor-element elementor-element-ca7d0db elementor-widget elementor-widget-text-editor\" data-id=\"ca7d0db\" data-element_type=\"widget\" data-widget_type=\"text-editor.default\">\n\t\t\t\t<div class=\"elementor-widget-container\">\n\t\t\t\t\t\t\t\t\t<p><strong><b>Equipe Surron Latin America - Informa\u00e7\u00f5es para distribuidores<\/b><\/strong><\/p><ol><li>A <strong><b>Equipe Am\u00e9rica Latina<\/b><\/strong> o centro de vendas exclusivo para os distribuidores Surron na Am\u00e9rica Latina. Se deseja tornar-se um distribuidor Surron na regi\u00e3o, por favor leia atentamente as informa\u00e7\u00f5es abaixo. Depois de compreender o conte\u00fado, clique no link de download na parte inferior da p\u00e1gina para fazer o download do <strong><b>\u201cFormul\u00e1rio de Candidatura de Distribuidor\u201d.\u201d<\/b><\/strong>. Preencher o formul\u00e1rio utilizando um computador e enviar o ficheiro em formato PDF para yaoyao@sur-ron.com, com o assunto <strong><b>\u201cCandidatura a distribuidor + Nome da sua empresa\u201d.\u201d<\/b><\/strong>. (Se tiver de preencher o formul\u00e1rio manualmente, certifique-se de que a sua caligrafia \u00e9 clara e leg\u00edvel. A equipa respons\u00e1vel pela an\u00e1lise dos pedidos dos concession\u00e1rios pode apenas compreender ingl\u00eas e uma letra ileg\u00edvel pode atrasar significativamente o processo de aprova\u00e7\u00e3o).<\/li><\/ol><ol start=\"2\"><li>A equipa Surron Am\u00e9rica Latina \u00e9 o servi\u00e7o B2B para a marca Surron na regi\u00e3o. S\u00f3 aceitamos pedidos de distribui\u00e7\u00e3o de empresas localizadas em pa\u00edses da Am\u00e9rica Latina. Ao preencher o \u201cFormul\u00e1rio de Solicita\u00e7\u00e3o de Distribuidor\u201d, certifique-se de fornecer um n\u00famero de identifica\u00e7\u00e3o fiscal v\u00e1lido e que corresponda ao nome da empresa informada. Caso o n\u00famero de identifica\u00e7\u00e3o fiscal n\u00e3o seja v\u00e1lido ou n\u00e3o corresponda ao nome da empresa, n\u00e3o receber\u00e1 retorno de nossa equipe. (A Equipe Surron Am\u00e9rica Latina n\u00e3o imp\u00f5e restri\u00e7\u00f5es quanto ao tipo de empresa, portanto, pode se candidatar como sociedade limitada, empres\u00e1rio individual ou qualquer outro modelo de neg\u00f3cio).<\/li><\/ol><ol start=\"3\"><li>Se puder dispor de um lote f\u00edsico, inclua fotografias do estabelecimento no seu correio eletr\u00f3nico. Isto ajudar\u00e1 a acelerar o processo de aprova\u00e7\u00e3o da sua candidatura.<\/li><\/ol><ol start=\"4\"><li>Se a sua candidatura for aprovada, enviar-lhe-emos um e-mail com a tabela de pre\u00e7os actualizada para o trimestre. Ap\u00f3s a conclus\u00e3o da sua primeira encomenda, a sua empresa ser\u00e1 oficialmente adicionada ao nosso diret\u00f3rio de distribuidores e ser\u00e1 criada uma conta para que possa comprar pe\u00e7as de substitui\u00e7\u00e3o a pre\u00e7os diferenciados.<\/li><\/ol><ol start=\"5\"><li><p>Se \u00e9 um distribuidor, ainda n\u00e3o consegue ter um contacto para comprar pe\u00e7as de substitui\u00e7\u00e3o ou a sua informa\u00e7\u00e3o n\u00e3o aparece na p\u00e1gina \u201cEncontre um Distribuidor\u201d, por favor contacte-nos atrav\u00e9s da p\u00e1gina de contactos.<\/p><p><strong>Estamos \u00e0 sua disposi\u00e7\u00e3o para o ajudar!<\/strong><\/p><\/li><\/ol>\t\t\t\t\t\t\t\t<\/div>\n\t\t\t\t<\/div>\n\t\t\t\t<\/div>\n\t\t<div class=\"elementor-element elementor-element-7bf7745 e-con-full e-flex e-con e-child\" data-id=\"7bf7745\" data-element_type=\"container\">\n\t\t\t\t<div class=\"elementor-element elementor-element-f30e4a3 elementor-widget elementor-widget-text-editor\" data-id=\"f30e4a3\" data-element_type=\"widget\" data-widget_type=\"text-editor.default\">\n\t\t\t\t<div class=\"elementor-widget-container\">\n\t\t\t\t\t\t\t\t\t<p><strong>Surron Team Latin America - Informa\u00e7\u00f5es do distribuidor<\/strong><\/p><ol><li>A Equipa Surron Am\u00e9rica Latina \u00e9 o centro de vendas exclusivo que serve os distribuidores Surron em toda a Am\u00e9rica Latina. Se deseja tornar-se um distribuidor Surron na regi\u00e3o, por favor leia atentamente a informa\u00e7\u00e3o que se segue. Depois de entender o conte\u00fado, clique no link no final da p\u00e1gina para baixar o \u201cFormul\u00e1rio de Solicita\u00e7\u00e3o de Distribuidor\u201d. Preencha o formul\u00e1rio num computador e envie-o em formato PDF para yaoyao@sur-ron.com, com o assunto \u201cDistributor Application + Your Company Name\u201d. (Se tiver de preencher o formul\u00e1rio \u00e0 m\u00e3o, certifique-se de que a sua caligrafia \u00e9 clara e leg\u00edvel. A equipa respons\u00e1vel pela an\u00e1lise das candidaturas de distribuidores e uma caligrafia pouco clara podem atrasar significativamente o processo de aprova\u00e7\u00e3o).<\/li><\/ol><ol start=\"2\"><li>A equipa Surron Am\u00e9rica Latina \u00e9 a equipa de apoio B2B para a marca Surron na regi\u00e3o. S\u00f3 aceitamos pedidos de distribuidores de empresas localizadas na Am\u00e9rica Latina. Ao preencher o \u201cFormul\u00e1rio de Solicita\u00e7\u00e3o de Distribuidor\u201d, certifique-se de fornecer um n\u00famero RFC e que ele corresponda ao nome da empresa fornecida. Se o n\u00famero RFC n\u00e3o for v\u00e1lido ou n\u00e3o corresponder ao nome da empresa, n\u00e3o receber\u00e1 uma resposta da nossa equipa (a equipa Surron Am\u00e9rica Latina n\u00e3o imp\u00f5e restri\u00e7\u00f5es ao tipo de empresa, pelo que pode candidatar-se como sociedade de responsabilidade limitada, sociedade unipessoal ou outro tipo de empresa).<\/li><\/ol><ol start=\"3\"><li>Se tiver uma loja f\u00edsica, inclua fotografias do seu estabelecimento no correio. Isto ajudar\u00e1 a acelerar o processo de aprova\u00e7\u00e3o do seu pedido.<\/li><\/ol><ol start=\"4\"><li>Assim que a sua candidatura a distribuidor for aprovada, enviar-lhe-emos um e-mail com a lista de pre\u00e7os actualizada para o trimestre. Ap\u00f3s a conclus\u00e3o da sua primeira encomenda, a sua empresa ser\u00e1 oficialmente adicionada ao nosso diret\u00f3rio de distribuidores e ser\u00e1 criada uma conta para que possa comprar pe\u00e7as a pre\u00e7os preferenciais.<\/li><\/ol><ol start=\"5\"><li>Se j\u00e1 \u00e9 um revendedor mas ainda n\u00e3o tem uma conta para comprar pe\u00e7as ou se as suas informa\u00e7\u00f5es n\u00e3o aparecem na p\u00e1gina \u201cEncontrar um revendedor\u201d, contacte-nos atrav\u00e9s da p\u00e1gina Contacte-nos.<\/li><\/ol><p><strong><b>Estamos \u00e0 sua disposi\u00e7\u00e3o para o ajudar e prestar-lhe o melhor servi\u00e7o.<\/b><\/strong><\/p>\t\t\t\t\t\t\t\t<\/div>\n\t\t\t\t<\/div>\n\t\t\t\t<\/div>\n\t\t\t\t<\/div>\n\t\t\t\t<\/div>\n\t\t\t\t\t<\/div>\n\t\t\t\t<\/div>\n\t\t<div class=\"elementor-element elementor-element-4f3b804 e-flex e-con-boxed e-con e-parent\" data-id=\"4f3b804\" data-element_type=\"container\">\n\t\t\t\t\t<div class=\"e-con-inner\">\n\t\t\t\t<div class=\"elementor-element elementor-element-c547819 elementor-widget elementor-widget-button\" data-id=\"c547819\" data-element_type=\"widget\" data-widget_type=\"button.default\">\n\t\t\t\t<div class=\"elementor-widget-container\">\n\t\t\t\t\t\t\t\t\t<div class=\"elementor-button-wrapper\">\n\t\t\t\t\t<a class=\"elementor-button elementor-button-link elementor-size-sm\" href=\"https:\/\/sur-ron.lat\/pt\/contacto\">\n\t\t\t\t\t\t<span class=\"elementor-button-content-wrapper\">\n\t\t\t\t\t\t\t\t\t<span class=\"elementor-button-text\">Clique aqui para descarregar o formul\u00e1rio de registo de revendedor.<\/span>\n\t\t\t\t\t<\/span>\n\t\t\t\t\t<\/a>\n\t\t\t\t<\/div>\n\t\t\t\t\t\t\t\t<\/div>\n\t\t\t\t<\/div>\n\t\t\t\t\t<\/div>\n\t\t\t\t<\/div>\n\t\t\t\t<\/div>","protected":false},"excerpt":{"rendered":"<p>Solicitud de informaci\u00f3n del concesionario Atenci\u00f3n especial: Si usted se encuentra en Am\u00e9rica Latina y ya ha comprado y vendido productos Surron a trav\u00e9s de otros distribuidores, pero ya no puede continuar comercializando las motocicletas Surron debido a la interrupci\u00f3n de dichos distribuidores, p\u00f3ngase en contacto directamente con nosotros por correo electr\u00f3nico a yaoyao@sur-ron.com, sin [&hellip;]<\/p>","protected":false},"author":2,"featured_media":0,"parent":0,"menu_order":0,"comment_status":"closed","ping_status":"closed","template":"","meta":{"footnotes":""},"class_list":["post-120","page","type-page","status-publish","hentry"],"blocksy_meta":[],"yoast_head":"<!-- This site is optimized with the Yoast SEO Premium plugin v22.6 (Yoast SEO v26.5) - https:\/\/yoast.com\/wordpress\/plugins\/seo\/ -->\n<title>Convi\u00e9rtete en distribuidor - Surron<\/title>\n<meta name=\"robots\" content=\"index, follow, max-snippet:-1, max-image-preview:large, max-video-preview:-1\" \/>\n<link rel=\"canonical\" href=\"https:\/\/sur-ron.lat\/pt\/tornar-se-um-distribuidor\" \/>\n<meta property=\"og:locale\" content=\"pt_PT\" \/>\n<meta property=\"og:type\" content=\"article\" \/>\n<meta property=\"og:title\" content=\"Convi\u00e9rtete en distribuidor\" \/>\n<meta property=\"og:description\" content=\"Solicitud de informaci\u00f3n del concesionario Atenci\u00f3n especial: Si usted se encuentra en Am\u00e9rica Latina y ya ha comprado y vendido productos Surron a trav\u00e9s de otros distribuidores, pero ya no puede continuar comercializando las motocicletas Surron debido a la interrupci\u00f3n de dichos distribuidores, p\u00f3ngase en contacto directamente con nosotros por correo electr\u00f3nico a yaoyao@sur-ron.com, sin [&hellip;]\" \/>\n<meta property=\"og:url\" content=\"https:\/\/sur-ron.lat\/pt\/tornar-se-um-distribuidor\" \/>\n<meta property=\"og:site_name\" content=\"Surron\" \/>\n<meta property=\"article:modified_time\" content=\"2025-12-16T09:13:55+00:00\" \/>\n<meta name=\"twitter:card\" content=\"summary_large_image\" \/>\n<meta name=\"twitter:label1\" content=\"Tempo estimado de leitura\" \/>\n\t<meta name=\"twitter:data1\" content=\"5 minutos\" \/>\n<script type=\"application\/ld+json\" class=\"yoast-schema-graph\">{\"@context\":\"https:\/\/schema.org\",\"@graph\":[{\"@type\":\"WebPage\",\"@id\":\"https:\/\/sur-ron.lat\/conviertete-en-distribuidor\",\"url\":\"https:\/\/sur-ron.lat\/conviertete-en-distribuidor\",\"name\":\"Convi\u00e9rtete en distribuidor - Surron\",\"isPartOf\":{\"@id\":\"https:\/\/sur-ron.lat\/#website\"},\"primaryImageOfPage\":{\"@id\":\"https:\/\/sur-ron.lat\/conviertete-en-distribuidor#primaryimage\"},\"image\":{\"@id\":\"https:\/\/sur-ron.lat\/conviertete-en-distribuidor#primaryimage\"},\"thumbnailUrl\":\"https:\/\/sur-ron.lat\/wp-content\/uploads\/2025\/01\/sur-ron-badge.svg\",\"datePublished\":\"2025-01-16T19:15:50+00:00\",\"dateModified\":\"2025-12-16T09:13:55+00:00\",\"breadcrumb\":{\"@id\":\"https:\/\/sur-ron.lat\/conviertete-en-distribuidor#breadcrumb\"},\"inLanguage\":\"pt-PT\",\"potentialAction\":[{\"@type\":\"ReadAction\",\"target\":[\"https:\/\/sur-ron.lat\/conviertete-en-distribuidor\"]}]},{\"@type\":\"ImageObject\",\"inLanguage\":\"pt-PT\",\"@id\":\"https:\/\/sur-ron.lat\/conviertete-en-distribuidor#primaryimage\",\"url\":\"https:\/\/sur-ron.lat\/wp-content\/uploads\/2025\/01\/sur-ron-badge.svg\",\"contentUrl\":\"https:\/\/sur-ron.lat\/wp-content\/uploads\/2025\/01\/sur-ron-badge.svg\"},{\"@type\":\"BreadcrumbList\",\"@id\":\"https:\/\/sur-ron.lat\/conviertete-en-distribuidor#breadcrumb\",\"itemListElement\":[{\"@type\":\"ListItem\",\"position\":1,\"name\":\"Home\",\"item\":\"https:\/\/sur-ron.lat\/\"},{\"@type\":\"ListItem\",\"position\":2,\"name\":\"Convi\u00e9rtete en distribuidor\"}]},{\"@type\":\"WebSite\",\"@id\":\"https:\/\/sur-ron.lat\/#website\",\"url\":\"https:\/\/sur-ron.lat\/\",\"name\":\"Surron\",\"description\":\"\",\"publisher\":{\"@id\":\"https:\/\/sur-ron.lat\/#organization\"},\"potentialAction\":[{\"@type\":\"SearchAction\",\"target\":{\"@type\":\"EntryPoint\",\"urlTemplate\":\"https:\/\/sur-ron.lat\/?s={search_term_string}\"},\"query-input\":{\"@type\":\"PropertyValueSpecification\",\"valueRequired\":true,\"valueName\":\"search_term_string\"}}],\"inLanguage\":\"pt-PT\"},{\"@type\":\"Organization\",\"@id\":\"https:\/\/sur-ron.lat\/#organization\",\"name\":\"Surron\",\"url\":\"https:\/\/sur-ron.lat\/\",\"logo\":{\"@type\":\"ImageObject\",\"inLanguage\":\"pt-PT\",\"@id\":\"https:\/\/sur-ron.lat\/#\/schema\/logo\/image\/\",\"url\":\"https:\/\/sur-ron.lat\/wp-content\/uploads\/2025\/01\/main-logo-1.svg\",\"contentUrl\":\"https:\/\/sur-ron.lat\/wp-content\/uploads\/2025\/01\/main-logo-1.svg\",\"width\":180,\"height\":76,\"caption\":\"Surron\"},\"image\":{\"@id\":\"https:\/\/sur-ron.lat\/#\/schema\/logo\/image\/\"}}]}<\/script>\n<!-- \/ Yoast SEO Premium plugin. -->","yoast_head_json":{"title":"Tornar-se um distribuidor - Surron","robots":{"index":"index","follow":"follow","max-snippet":"max-snippet:-1","max-image-preview":"max-image-preview:large","max-video-preview":"max-video-preview:-1"},"canonical":"https:\/\/sur-ron.lat\/pt\/tornar-se-um-distribuidor","og_locale":"pt_PT","og_type":"article","og_title":"Convi\u00e9rtete en distribuidor","og_description":"Solicitud de informaci\u00f3n del concesionario Atenci\u00f3n especial: Si usted se encuentra en Am\u00e9rica Latina y ya ha comprado y vendido productos Surron a trav\u00e9s de otros distribuidores, pero ya no puede continuar comercializando las motocicletas Surron debido a la interrupci\u00f3n de dichos distribuidores, p\u00f3ngase en contacto directamente con nosotros por correo electr\u00f3nico a yaoyao@sur-ron.com, sin [&hellip;]","og_url":"https:\/\/sur-ron.lat\/pt\/tornar-se-um-distribuidor","og_site_name":"Surron","article_modified_time":"2025-12-16T09:13:55+00:00","twitter_card":"summary_large_image","twitter_misc":{"Tempo estimado de leitura":"5 minutos"},"schema":{"@context":"https:\/\/schema.org","@graph":[{"@type":"WebPage","@id":"https:\/\/sur-ron.lat\/conviertete-en-distribuidor","url":"https:\/\/sur-ron.lat\/conviertete-en-distribuidor","name":"Tornar-se um distribuidor - Surron","isPartOf":{"@id":"https:\/\/sur-ron.lat\/#website"},"primaryImageOfPage":{"@id":"https:\/\/sur-ron.lat\/conviertete-en-distribuidor#primaryimage"},"image":{"@id":"https:\/\/sur-ron.lat\/conviertete-en-distribuidor#primaryimage"},"thumbnailUrl":"https:\/\/sur-ron.lat\/wp-content\/uploads\/2025\/01\/sur-ron-badge.svg","datePublished":"2025-01-16T19:15:50+00:00","dateModified":"2025-12-16T09:13:55+00:00","breadcrumb":{"@id":"https:\/\/sur-ron.lat\/conviertete-en-distribuidor#breadcrumb"},"inLanguage":"pt-PT","potentialAction":[{"@type":"ReadAction","target":["https:\/\/sur-ron.lat\/conviertete-en-distribuidor"]}]},{"@type":"ImageObject","inLanguage":"pt-PT","@id":"https:\/\/sur-ron.lat\/conviertete-en-distribuidor#primaryimage","url":"https:\/\/sur-ron.lat\/wp-content\/uploads\/2025\/01\/sur-ron-badge.svg","contentUrl":"https:\/\/sur-ron.lat\/wp-content\/uploads\/2025\/01\/sur-ron-badge.svg"},{"@type":"BreadcrumbList","@id":"https:\/\/sur-ron.lat\/conviertete-en-distribuidor#breadcrumb","itemListElement":[{"@type":"ListItem","position":1,"name":"Home","item":"https:\/\/sur-ron.lat\/"},{"@type":"ListItem","position":2,"name":"Convi\u00e9rtete en distribuidor"}]},{"@type":"WebSite","@id":"https:\/\/sur-ron.lat\/#website","url":"https:\/\/sur-ron.lat\/","name":"Surr\u00e3o","description":"","publisher":{"@id":"https:\/\/sur-ron.lat\/#organization"},"potentialAction":[{"@type":"SearchAction","target":{"@type":"EntryPoint","urlTemplate":"https:\/\/sur-ron.lat\/?s={search_term_string}"},"query-input":{"@type":"PropertyValueSpecification","valueRequired":true,"valueName":"search_term_string"}}],"inLanguage":"pt-PT"},{"@type":"Organization","@id":"https:\/\/sur-ron.lat\/#organization","name":"Surr\u00e3o","url":"https:\/\/sur-ron.lat\/","logo":{"@type":"ImageObject","inLanguage":"pt-PT","@id":"https:\/\/sur-ron.lat\/#\/schema\/logo\/image\/","url":"https:\/\/sur-ron.lat\/wp-content\/uploads\/2025\/01\/main-logo-1.svg","contentUrl":"https:\/\/sur-ron.lat\/wp-content\/uploads\/2025\/01\/main-logo-1.svg","width":180,"height":76,"caption":"Surron"},"image":{"@id":"https:\/\/sur-ron.lat\/#\/schema\/logo\/image\/"}}]}},"_links":{"self":[{"href":"https:\/\/sur-ron.lat\/pt\/wp-json\/wp\/v2\/pages\/120","targetHints":{"allow":["GET"]}}],"collection":[{"href":"https:\/\/sur-ron.lat\/pt\/wp-json\/wp\/v2\/pages"}],"about":[{"href":"https:\/\/sur-ron.lat\/pt\/wp-json\/wp\/v2\/types\/page"}],"author":[{"embeddable":true,"href":"https:\/\/sur-ron.lat\/pt\/wp-json\/wp\/v2\/users\/2"}],"replies":[{"embeddable":true,"href":"https:\/\/sur-ron.lat\/pt\/wp-json\/wp\/v2\/comments?post=120"}],"version-history":[{"count":0,"href":"https:\/\/sur-ron.lat\/pt\/wp-json\/wp\/v2\/pages\/120\/revisions"}],"wp:attachment":[{"href":"https:\/\/sur-ron.lat\/pt\/wp-json\/wp\/v2\/media?parent=120"}],"curies":[{"name":"wp","href":"https:\/\/api.w.org\/{rel}","templated":true}]}}