{"id":152,"date":"2025-01-16T19:56:11","date_gmt":"2025-01-16T19:56:11","guid":{"rendered":"https:\/\/sur-ron.lat\/?page_id=152"},"modified":"2025-12-04T14:34:56","modified_gmt":"2025-12-04T14:34:56","slug":"aviso-legal","status":"publish","type":"page","link":"https:\/\/sur-ron.lat\/pt\/aviso-legal","title":{"rendered":"Aviso legal"},"content":{"rendered":"<h1><span style=\"color: #000000;\">Imprimir<\/span><\/h1>\n<h2><span style=\"color: #000000;\">S\u00edtio Web<\/span><\/h2>\n<pre class=\"tw-data-text tw-text-large tw-ta\" dir=\"ltr\" tabindex=\"-1\" role=\"text\" data-placeholder=\"Traducci\u00f3n\" data-ved=\"2ahUKEwizx6OpkqSRAxX6lu4BHTCaDSsQ3ewLegQIDBAV\" aria-label=\"Texto traduzido: Esta impress\u00e3o aplica-se a todas as ofertas do dom\u00ednio surron.eu, incluindo todos os subdom\u00ednios (subp\u00e1ginas). Esta impress\u00e3o tamb\u00e9m se aplica \u00e0 nossa presen\u00e7a nas seguintes redes sociais:FacebookInstagramYouTube\"><span class=\"Y2IQFc\" lang=\"es\">Esta impress\u00e3o aplica-se a todas as ofertas do dom\u00ednio sur-ron.mx, incluindo todos os subdom\u00ednios (subp\u00e1ginas).\n\nEsta impress\u00e3o tamb\u00e9m se aplica \u00e0 nossa presen\u00e7a nas seguintes redes sociais:\n\nFacebook\nInstagram\nYouTube<br \/><br \/><\/span><\/pre>\n<h2>\u00a0<\/h2>\n<p>\u00a0<\/p>\n\n\n<p><\/p>","protected":false},"excerpt":{"rendered":"<p>Impress\u00e3o do s\u00edtio Web Esta impress\u00e3o aplica-se a todas as ofertas do dom\u00ednio sur-ron.mx, incluindo todos os subdom\u00ednios (subp\u00e1ginas). Esta impress\u00e3o tamb\u00e9m se aplica \u00e0 nossa presen\u00e7a nas seguintes redes sociais: Facebook Instagram YouTube \u00a0 \u00a0<\/p>","protected":false},"author":2,"featured_media":0,"parent":0,"menu_order":0,"comment_status":"closed","ping_status":"closed","template":"","meta":{"footnotes":""},"class_list":["post-152","page","type-page","status-publish","hentry"],"blocksy_meta":{"background":{"background_type":"color","background_pattern":"type-1","background_image":{"attachment_id":null,"x":0,"y":0},"gradient":"linear-gradient(135deg,rgba(6,147,227,1) 0%,rgb(155,81,224) 100%)","background_repeat":"repeat","background_size":"auto","background_attachment":"scroll","patternColor":{"default":{"color":"#e5e7ea"}},"overlayColor":{"default":{"color":"CT_CSS_SKIP_RULE"}},"backgroundColor":{"default":{"color":"var(--theme-palette-color-8)"}}},"styles_descriptor":{"styles":{"desktop":"[data-prefix=\"single_page\"] {background-color:var(--theme-palette-color-8);background-image:none;}","tablet":"","mobile":""},"google_fonts":[],"version":6}},"yoast_head":"<!-- This site is optimized with the Yoast SEO Premium plugin v22.6 (Yoast SEO v26.5) - https:\/\/yoast.com\/wordpress\/plugins\/seo\/ -->\n<title>Aviso Legal - Surron<\/title>\n<meta name=\"robots\" content=\"index, follow, max-snippet:-1, max-image-preview:large, max-video-preview:-1\" \/>\n<link rel=\"canonical\" href=\"https:\/\/sur-ron.lat\/pt\/aviso-legal\" \/>\n<meta property=\"og:locale\" content=\"pt_PT\" \/>\n<meta property=\"og:type\" content=\"article\" \/>\n<meta property=\"og:title\" content=\"Aviso Legal\" \/>\n<meta property=\"og:description\" content=\"Impresi\u00f3n Sitio Web Esta impresi\u00f3n se aplica a todas las ofertas del dominio sur-ron.mx, incluidos todos los subdominios (subp\u00e1ginas). Esta impresi\u00f3n tambi\u00e9n se aplica a nuestra presencia en las siguientes redes sociales: Facebook Instagram YouTube \u00a0 \u00a0\" \/>\n<meta property=\"og:url\" content=\"https:\/\/sur-ron.lat\/pt\/aviso-legal\" \/>\n<meta property=\"og:site_name\" content=\"Surron\" \/>\n<meta property=\"article:modified_time\" content=\"2025-12-04T14:34:56+00:00\" \/>\n<meta name=\"twitter:card\" content=\"summary_large_image\" \/>\n<meta name=\"twitter:label1\" content=\"Tempo estimado de leitura\" \/>\n\t<meta name=\"twitter:data1\" content=\"1 minuto\" \/>\n<script type=\"application\/ld+json\" class=\"yoast-schema-graph\">{\"@context\":\"https:\/\/schema.org\",\"@graph\":[{\"@type\":\"WebPage\",\"@id\":\"https:\/\/sur-ron.lat\/aviso-legal\",\"url\":\"https:\/\/sur-ron.lat\/aviso-legal\",\"name\":\"Aviso Legal - Surron\",\"isPartOf\":{\"@id\":\"https:\/\/sur-ron.lat\/#website\"},\"datePublished\":\"2025-01-16T19:56:11+00:00\",\"dateModified\":\"2025-12-04T14:34:56+00:00\",\"breadcrumb\":{\"@id\":\"https:\/\/sur-ron.lat\/aviso-legal#breadcrumb\"},\"inLanguage\":\"pt-PT\",\"potentialAction\":[{\"@type\":\"ReadAction\",\"target\":[\"https:\/\/sur-ron.lat\/aviso-legal\"]}]},{\"@type\":\"BreadcrumbList\",\"@id\":\"https:\/\/sur-ron.lat\/aviso-legal#breadcrumb\",\"itemListElement\":[{\"@type\":\"ListItem\",\"position\":1,\"name\":\"Home\",\"item\":\"https:\/\/sur-ron.lat\/\"},{\"@type\":\"ListItem\",\"position\":2,\"name\":\"Aviso Legal\"}]},{\"@type\":\"WebSite\",\"@id\":\"https:\/\/sur-ron.lat\/#website\",\"url\":\"https:\/\/sur-ron.lat\/\",\"name\":\"Surron\",\"description\":\"\",\"publisher\":{\"@id\":\"https:\/\/sur-ron.lat\/#organization\"},\"potentialAction\":[{\"@type\":\"SearchAction\",\"target\":{\"@type\":\"EntryPoint\",\"urlTemplate\":\"https:\/\/sur-ron.lat\/?s={search_term_string}\"},\"query-input\":{\"@type\":\"PropertyValueSpecification\",\"valueRequired\":true,\"valueName\":\"search_term_string\"}}],\"inLanguage\":\"pt-PT\"},{\"@type\":\"Organization\",\"@id\":\"https:\/\/sur-ron.lat\/#organization\",\"name\":\"Surron\",\"url\":\"https:\/\/sur-ron.lat\/\",\"logo\":{\"@type\":\"ImageObject\",\"inLanguage\":\"pt-PT\",\"@id\":\"https:\/\/sur-ron.lat\/#\/schema\/logo\/image\/\",\"url\":\"https:\/\/sur-ron.lat\/wp-content\/uploads\/2025\/01\/main-logo-1.svg\",\"contentUrl\":\"https:\/\/sur-ron.lat\/wp-content\/uploads\/2025\/01\/main-logo-1.svg\",\"width\":180,\"height\":76,\"caption\":\"Surron\"},\"image\":{\"@id\":\"https:\/\/sur-ron.lat\/#\/schema\/logo\/image\/\"}}]}<\/script>\n<!-- \/ Yoast SEO Premium plugin. -->","yoast_head_json":{"title":"Aviso legal - Surron","robots":{"index":"index","follow":"follow","max-snippet":"max-snippet:-1","max-image-preview":"max-image-preview:large","max-video-preview":"max-video-preview:-1"},"canonical":"https:\/\/sur-ron.lat\/pt\/aviso-legal","og_locale":"pt_PT","og_type":"article","og_title":"Aviso Legal","og_description":"Impresi\u00f3n Sitio Web Esta impresi\u00f3n se aplica a todas las ofertas del dominio sur-ron.mx, incluidos todos los subdominios (subp\u00e1ginas). Esta impresi\u00f3n tambi\u00e9n se aplica a nuestra presencia en las siguientes redes sociales: Facebook Instagram YouTube \u00a0 \u00a0","og_url":"https:\/\/sur-ron.lat\/pt\/aviso-legal","og_site_name":"Surron","article_modified_time":"2025-12-04T14:34:56+00:00","twitter_card":"summary_large_image","twitter_misc":{"Tempo estimado de leitura":"1 minuto"},"schema":{"@context":"https:\/\/schema.org","@graph":[{"@type":"WebPage","@id":"https:\/\/sur-ron.lat\/aviso-legal","url":"https:\/\/sur-ron.lat\/aviso-legal","name":"Aviso legal - Surron","isPartOf":{"@id":"https:\/\/sur-ron.lat\/#website"},"datePublished":"2025-01-16T19:56:11+00:00","dateModified":"2025-12-04T14:34:56+00:00","breadcrumb":{"@id":"https:\/\/sur-ron.lat\/aviso-legal#breadcrumb"},"inLanguage":"pt-PT","potentialAction":[{"@type":"ReadAction","target":["https:\/\/sur-ron.lat\/aviso-legal"]}]},{"@type":"BreadcrumbList","@id":"https:\/\/sur-ron.lat\/aviso-legal#breadcrumb","itemListElement":[{"@type":"ListItem","position":1,"name":"Home","item":"https:\/\/sur-ron.lat\/"},{"@type":"ListItem","position":2,"name":"Aviso Legal"}]},{"@type":"WebSite","@id":"https:\/\/sur-ron.lat\/#website","url":"https:\/\/sur-ron.lat\/","name":"Surr\u00e3o","description":"","publisher":{"@id":"https:\/\/sur-ron.lat\/#organization"},"potentialAction":[{"@type":"SearchAction","target":{"@type":"EntryPoint","urlTemplate":"https:\/\/sur-ron.lat\/?s={search_term_string}"},"query-input":{"@type":"PropertyValueSpecification","valueRequired":true,"valueName":"search_term_string"}}],"inLanguage":"pt-PT"},{"@type":"Organization","@id":"https:\/\/sur-ron.lat\/#organization","name":"Surr\u00e3o","url":"https:\/\/sur-ron.lat\/","logo":{"@type":"ImageObject","inLanguage":"pt-PT","@id":"https:\/\/sur-ron.lat\/#\/schema\/logo\/image\/","url":"https:\/\/sur-ron.lat\/wp-content\/uploads\/2025\/01\/main-logo-1.svg","contentUrl":"https:\/\/sur-ron.lat\/wp-content\/uploads\/2025\/01\/main-logo-1.svg","width":180,"height":76,"caption":"Surron"},"image":{"@id":"https:\/\/sur-ron.lat\/#\/schema\/logo\/image\/"}}]}},"_links":{"self":[{"href":"https:\/\/sur-ron.lat\/pt\/wp-json\/wp\/v2\/pages\/152","targetHints":{"allow":["GET"]}}],"collection":[{"href":"https:\/\/sur-ron.lat\/pt\/wp-json\/wp\/v2\/pages"}],"about":[{"href":"https:\/\/sur-ron.lat\/pt\/wp-json\/wp\/v2\/types\/page"}],"author":[{"embeddable":true,"href":"https:\/\/sur-ron.lat\/pt\/wp-json\/wp\/v2\/users\/2"}],"replies":[{"embeddable":true,"href":"https:\/\/sur-ron.lat\/pt\/wp-json\/wp\/v2\/comments?post=152"}],"version-history":[{"count":0,"href":"https:\/\/sur-ron.lat\/pt\/wp-json\/wp\/v2\/pages\/152\/revisions"}],"wp:attachment":[{"href":"https:\/\/sur-ron.lat\/pt\/wp-json\/wp\/v2\/media?parent=152"}],"curies":[{"name":"wp","href":"https:\/\/api.w.org\/{rel}","templated":true}]}}